{"id":1372,"date":"2018-05-28T15:52:51","date_gmt":"2018-05-28T15:52:51","guid":{"rendered":"https:\/\/sauvagere.art\/?page_id=1372"},"modified":"2019-10-15T15:53:18","modified_gmt":"2019-10-15T15:53:18","slug":"retours-et-remboursements","status":"publish","type":"page","link":"https:\/\/sauvagere.art\/fr\/retours-et-remboursements\/","title":{"rendered":"Retours et remboursements"},"content":{"rendered":"<h5>Quelle est votre politique de retour pour les articles achet\u00e9s sur le site web ?<\/h5>\n<p>Nous esp\u00e9rons que vous \u00eates satisfait avec l&rsquo;article(s) que vous avez command\u00e9 mais si vous ne l&rsquo;\u00eates pas, vous avez le droit d&rsquo;annuler votre commande dans les 14 jours suivant la r\u00e9ception de la marchandise. Si vous n&rsquo;\u00eates pas en mesure de nous retourner l&rsquo;\u0153uvre avant la fin de la p\u00e9riode de 14 jours, vous devez nous informer de votre intention d&rsquo;annuler au cours de ces m\u00eames 14 jours. Pour ce faire, il vous suffit d&rsquo;envoyer un e-mail \u00e0 <a href=\"mailto:hello@sauvagere.art\">hello@sauvagere.art<\/a> ou de nous appeler au +44 (0)79 6682 4114. Afin d\u2019identifier votre commande dans les plus brefs d\u00e9lais, merci de nous fournir : votre num\u00e9ro de commande, votre nom complet et votre adresse de livraison.<\/p>\n<h5>\u00c0 quelle adresse dois-je retourner ma commande ?<\/h5>\n<p>L&rsquo;adresse de retour vous sera fournie dans le mail de retour.<\/p>\n<h5>Quels co\u00fbts sont rembours\u00e9s ?<\/h5>\n<p>Si vous annulez votre commande, nous vous rembourserons le prix que vous avez pay\u00e9 pour l&rsquo;\u0153uvre d&rsquo;art et les frais de livraison que vous avez pay\u00e9s.<\/p>\n<h5>Quand vais-je recevoir mon remboursement ?<\/h5>\n<p>Nous rembourserons votre achat dans les 14 jours suivant la r\u00e9ception de la marchandise retourn\u00e9e ou la preuve que la commande ait \u00e9t\u00e9 retourn\u00e9e, selon la premi\u00e8re \u00e9ventualit\u00e9. Si vous n&rsquo;avez pas re\u00e7u l&rsquo;\u0153uvre d&rsquo;art au moment de votre annulation, nous vous rembourserons dans les 14 jours apr\u00e8s nous avoir inform\u00e9s de votre d\u00e9cision d&rsquo;annuler la commande.<\/p>\n<h5>Comment me rembourserez-vous ?<\/h5>\n<p>Nous vous rembourserons sur la carte de cr\u00e9dit ou de d\u00e9bit utilis\u00e9e lors du payement.<\/p>\n<h5>Dois-je payer les frais de retour de l&rsquo;\u0153uvre d&rsquo;art ?<\/h5>\n<p>Oui, \u00e0 moins que l&rsquo;\u0153uvre ne soit endommag\u00e9e, dans ce cas, vous serez responsable du co\u00fbt du retour de l&rsquo;\u0153uvre.<\/p>\n<h5>Et si l&rsquo;article est d\u00e9fectueux ?<\/h5>\n<p>Si l&rsquo;illustration est trouv\u00e9e d\u00e9fectueuse ou non conforme \u00e0 la description, veuillez nous envoyer un email \u00e0 <a href=\"mailto:hello@sauvagere.art\">hello@sauvagere.art<\/a> ou appeler au +44 (0)79 6682 4114. Veuillez nous faire parvenir les informations suivantes afin de nous aider \u00e0 identifier votre commande le plus rapidement possible : votre num\u00e9ro de commande, votre nom complet et votre adresse de livraison.<\/p>\n<h5>\u00c0 quelle adresse devrais-je renvoyer ma commande ?<\/h5>\n<p>L&rsquo;adresse de retour vous sera fournie dans le mail de retour.<\/p>\n<h5>Rembourserez-vous le co\u00fbt de retour de l&rsquo;\u0153uvre ?<\/h5>\n<p>Oui, nous vous rembourserons le prix de l&rsquo;\u0153uvre en entier, ainsi que les frais de livraison applicables, et tous les frais raisonnables que vous encourez pour retourner l&rsquo;article.<\/p>\n","protected":false},"excerpt":{"rendered":"<p>Quelle est votre politique de retour pour les articles achet\u00e9s sur le site web ? Nous esp\u00e9rons que vous \u00eates satisfait avec l&rsquo;article(s) que vous avez command\u00e9 mais si vous ne l&rsquo;\u00eates pas, vous avez [&hellip;]<\/p>\n","protected":false},"author":1,"featured_media":0,"parent":0,"menu_order":0,"comment_status":"closed","ping_status":"closed","template":"","meta":{"_exactmetrics_skip_tracking":false,"_exactmetrics_sitenote_active":false,"_exactmetrics_sitenote_note":"","_exactmetrics_sitenote_category":0,"footnotes":""},"class_list":["post-1372","page","type-page","status-publish","hentry","c-article"],"yoast_head":"<!-- This site is optimized with the Yoast SEO plugin v26.9 - https:\/\/yoast.com\/product\/yoast-seo-wordpress\/ -->\n<title>Retours et remboursements | Sauvag\u00e8re<\/title>\n<meta name=\"robots\" content=\"index, follow, max-snippet:-1, max-image-preview:large, max-video-preview:-1\" \/>\n<link rel=\"canonical\" href=\"https:\/\/sauvagere.art\/fr\/retours-et-remboursements\/\" \/>\n<meta property=\"og:locale\" content=\"fr_FR\" \/>\n<meta property=\"og:type\" content=\"article\" \/>\n<meta property=\"og:title\" content=\"Retours et remboursements | Sauvag\u00e8re\" \/>\n<meta property=\"og:description\" content=\"Quelle est votre politique de retour pour les articles achet\u00e9s sur le site web ? Nous esp\u00e9rons que vous \u00eates satisfait avec l&rsquo;article(s) que vous avez command\u00e9 mais si vous ne l&rsquo;\u00eates pas, vous avez [&hellip;]\" \/>\n<meta property=\"og:url\" content=\"https:\/\/sauvagere.art\/fr\/retours-et-remboursements\/\" \/>\n<meta property=\"og:site_name\" content=\"Sauvag\u00e8re\" \/>\n<meta property=\"article:publisher\" content=\"https:\/\/www.facebook.com\/sauvagere.art\" \/>\n<meta property=\"article:modified_time\" content=\"2019-10-15T15:53:18+00:00\" \/>\n<meta property=\"og:image\" content=\"https:\/\/sauvagere.art\/wp-content\/uploads\/2017\/12\/sauvagere_himandi-1.jpg\" \/>\n\t<meta property=\"og:image:width\" content=\"791\" \/>\n\t<meta property=\"og:image:height\" content=\"1000\" \/>\n\t<meta property=\"og:image:type\" content=\"image\/jpeg\" \/>\n<meta name=\"twitter:card\" content=\"summary_large_image\" \/>\n<meta name=\"twitter:label1\" content=\"Dur\u00e9e de lecture estim\u00e9e\" \/>\n\t<meta name=\"twitter:data1\" content=\"2 minutes\" \/>\n<script type=\"application\/ld+json\" class=\"yoast-schema-graph\">{\"@context\":\"https:\/\/schema.org\",\"@graph\":[{\"@type\":\"WebPage\",\"@id\":\"https:\/\/sauvagere.art\/fr\/retours-et-remboursements\/\",\"url\":\"https:\/\/sauvagere.art\/fr\/retours-et-remboursements\/\",\"name\":\"Retours et remboursements | Sauvag\u00e8re\",\"isPartOf\":{\"@id\":\"https:\/\/sauvagere.art\/fr\/#website\"},\"datePublished\":\"2018-05-28T15:52:51+00:00\",\"dateModified\":\"2019-10-15T15:53:18+00:00\",\"breadcrumb\":{\"@id\":\"https:\/\/sauvagere.art\/fr\/retours-et-remboursements\/#breadcrumb\"},\"inLanguage\":\"fr-FR\",\"potentialAction\":[{\"@type\":\"ReadAction\",\"target\":[\"https:\/\/sauvagere.art\/fr\/retours-et-remboursements\/\"]}]},{\"@type\":\"BreadcrumbList\",\"@id\":\"https:\/\/sauvagere.art\/fr\/retours-et-remboursements\/#breadcrumb\",\"itemListElement\":[{\"@type\":\"ListItem\",\"position\":1,\"name\":\"Home\",\"item\":\"https:\/\/sauvagere.art\/fr\/\"},{\"@type\":\"ListItem\",\"position\":2,\"name\":\"Retours et remboursements\"}]},{\"@type\":\"WebSite\",\"@id\":\"https:\/\/sauvagere.art\/fr\/#website\",\"url\":\"https:\/\/sauvagere.art\/fr\/\",\"name\":\"Sauvag\u00e8re\",\"description\":\"\",\"publisher\":{\"@id\":\"https:\/\/sauvagere.art\/fr\/#\/schema\/person\/a5c52f43d515a79ee124a25ca90e1f15\"},\"potentialAction\":[{\"@type\":\"SearchAction\",\"target\":{\"@type\":\"EntryPoint\",\"urlTemplate\":\"https:\/\/sauvagere.art\/fr\/?s={search_term_string}\"},\"query-input\":{\"@type\":\"PropertyValueSpecification\",\"valueRequired\":true,\"valueName\":\"search_term_string\"}}],\"inLanguage\":\"fr-FR\"},{\"@type\":[\"Person\",\"Organization\"],\"@id\":\"https:\/\/sauvagere.art\/fr\/#\/schema\/person\/a5c52f43d515a79ee124a25ca90e1f15\",\"name\":\"Sauvag\u00e8re\",\"image\":{\"@type\":\"ImageObject\",\"inLanguage\":\"fr-FR\",\"@id\":\"https:\/\/sauvagere.art\/fr\/#\/schema\/person\/image\/\",\"url\":\"https:\/\/sauvagere.art\/wp-content\/uploads\/2017\/12\/sauvagere_delphinecanchel.jpg\",\"contentUrl\":\"https:\/\/sauvagere.art\/wp-content\/uploads\/2017\/12\/sauvagere_delphinecanchel.jpg\",\"width\":1363,\"height\":1712,\"caption\":\"Sauvag\u00e8re\"},\"logo\":{\"@id\":\"https:\/\/sauvagere.art\/fr\/#\/schema\/person\/image\/\"},\"description\":\"Sauvag\u00e8re is a French contemporary artist. Her varied practice explores the complex relationships between humankind, wildlife, politic, society and environment.\",\"sameAs\":[\"https:\/\/sauvagere.art\/\",\"https:\/\/www.facebook.com\/sauvagere.art\",\"https:\/\/www.instagram.com\/sauvagere.art\/\"]}]}<\/script>\n<!-- \/ Yoast SEO plugin. -->","yoast_head_json":{"title":"Retours et remboursements | Sauvag\u00e8re","robots":{"index":"index","follow":"follow","max-snippet":"max-snippet:-1","max-image-preview":"max-image-preview:large","max-video-preview":"max-video-preview:-1"},"canonical":"https:\/\/sauvagere.art\/fr\/retours-et-remboursements\/","og_locale":"fr_FR","og_type":"article","og_title":"Retours et remboursements | Sauvag\u00e8re","og_description":"Quelle est votre politique de retour pour les articles achet\u00e9s sur le site web ? Nous esp\u00e9rons que vous \u00eates satisfait avec l&rsquo;article(s) que vous avez command\u00e9 mais si vous ne l&rsquo;\u00eates pas, vous avez [&hellip;]","og_url":"https:\/\/sauvagere.art\/fr\/retours-et-remboursements\/","og_site_name":"Sauvag\u00e8re","article_publisher":"https:\/\/www.facebook.com\/sauvagere.art","article_modified_time":"2019-10-15T15:53:18+00:00","og_image":[{"width":791,"height":1000,"url":"https:\/\/sauvagere.art\/wp-content\/uploads\/2017\/12\/sauvagere_himandi-1.jpg","type":"image\/jpeg"}],"twitter_card":"summary_large_image","twitter_misc":{"Dur\u00e9e de lecture estim\u00e9e":"2 minutes"},"schema":{"@context":"https:\/\/schema.org","@graph":[{"@type":"WebPage","@id":"https:\/\/sauvagere.art\/fr\/retours-et-remboursements\/","url":"https:\/\/sauvagere.art\/fr\/retours-et-remboursements\/","name":"Retours et remboursements | Sauvag\u00e8re","isPartOf":{"@id":"https:\/\/sauvagere.art\/fr\/#website"},"datePublished":"2018-05-28T15:52:51+00:00","dateModified":"2019-10-15T15:53:18+00:00","breadcrumb":{"@id":"https:\/\/sauvagere.art\/fr\/retours-et-remboursements\/#breadcrumb"},"inLanguage":"fr-FR","potentialAction":[{"@type":"ReadAction","target":["https:\/\/sauvagere.art\/fr\/retours-et-remboursements\/"]}]},{"@type":"BreadcrumbList","@id":"https:\/\/sauvagere.art\/fr\/retours-et-remboursements\/#breadcrumb","itemListElement":[{"@type":"ListItem","position":1,"name":"Home","item":"https:\/\/sauvagere.art\/fr\/"},{"@type":"ListItem","position":2,"name":"Retours et remboursements"}]},{"@type":"WebSite","@id":"https:\/\/sauvagere.art\/fr\/#website","url":"https:\/\/sauvagere.art\/fr\/","name":"Sauvag\u00e8re","description":"","publisher":{"@id":"https:\/\/sauvagere.art\/fr\/#\/schema\/person\/a5c52f43d515a79ee124a25ca90e1f15"},"potentialAction":[{"@type":"SearchAction","target":{"@type":"EntryPoint","urlTemplate":"https:\/\/sauvagere.art\/fr\/?s={search_term_string}"},"query-input":{"@type":"PropertyValueSpecification","valueRequired":true,"valueName":"search_term_string"}}],"inLanguage":"fr-FR"},{"@type":["Person","Organization"],"@id":"https:\/\/sauvagere.art\/fr\/#\/schema\/person\/a5c52f43d515a79ee124a25ca90e1f15","name":"Sauvag\u00e8re","image":{"@type":"ImageObject","inLanguage":"fr-FR","@id":"https:\/\/sauvagere.art\/fr\/#\/schema\/person\/image\/","url":"https:\/\/sauvagere.art\/wp-content\/uploads\/2017\/12\/sauvagere_delphinecanchel.jpg","contentUrl":"https:\/\/sauvagere.art\/wp-content\/uploads\/2017\/12\/sauvagere_delphinecanchel.jpg","width":1363,"height":1712,"caption":"Sauvag\u00e8re"},"logo":{"@id":"https:\/\/sauvagere.art\/fr\/#\/schema\/person\/image\/"},"description":"Sauvag\u00e8re is a French contemporary artist. Her varied practice explores the complex relationships between humankind, wildlife, politic, society and environment.","sameAs":["https:\/\/sauvagere.art\/","https:\/\/www.facebook.com\/sauvagere.art","https:\/\/www.instagram.com\/sauvagere.art\/"]}]}},"_links":{"self":[{"href":"https:\/\/sauvagere.art\/fr\/wp-json\/wp\/v2\/pages\/1372","targetHints":{"allow":["GET"]}}],"collection":[{"href":"https:\/\/sauvagere.art\/fr\/wp-json\/wp\/v2\/pages"}],"about":[{"href":"https:\/\/sauvagere.art\/fr\/wp-json\/wp\/v2\/types\/page"}],"author":[{"embeddable":true,"href":"https:\/\/sauvagere.art\/fr\/wp-json\/wp\/v2\/users\/1"}],"replies":[{"embeddable":true,"href":"https:\/\/sauvagere.art\/fr\/wp-json\/wp\/v2\/comments?post=1372"}],"version-history":[{"count":7,"href":"https:\/\/sauvagere.art\/fr\/wp-json\/wp\/v2\/pages\/1372\/revisions"}],"predecessor-version":[{"id":2381,"href":"https:\/\/sauvagere.art\/fr\/wp-json\/wp\/v2\/pages\/1372\/revisions\/2381"}],"wp:attachment":[{"href":"https:\/\/sauvagere.art\/fr\/wp-json\/wp\/v2\/media?parent=1372"}],"curies":[{"name":"wp","href":"https:\/\/api.w.org\/{rel}","templated":true}]}}