{"id":888,"date":"2017-12-27T16:44:24","date_gmt":"2017-12-27T16:44:24","guid":{"rendered":"https:\/\/sauvagere.art\/?page_id=888"},"modified":"2020-07-18T14:43:34","modified_gmt":"2020-07-18T14:43:34","slug":"a-propos","status":"publish","type":"page","link":"https:\/\/sauvagere.art\/fr\/a-propos\/","title":{"rendered":"\u00c0 propos"},"content":{"rendered":"\t<div class=\"gridable gridable--row\" >\n\t\t\t<div class=\"gridable--col col-6\" >\n\t\t<p>Delphine Lef\u00e8vre, dit Sauvag\u00e8re, est une artiste fran\u00e7aise ind\u00e9pendante bas\u00e9e entre Londres et Paris.<\/p>\n<p>Le surnom de Delphine vient de son enfance solitaire pass\u00e9e dans la campagne normande au milieu des ann\u00e9es 70. Les villageois l&rsquo;ont baptis\u00e9e <em>Sauvag\u00e8re<\/em>.<\/p>\n<p>A 18 ans, Sauvag\u00e8re s&rsquo;installe \u00e0 Paris pour \u00e9tudier la communication visuelle et le marketing. En 1989, fra\u00eechement dipl\u00f4m\u00e9e, elle intervient en tant que publicitaire en communication visuelle pour de prestigieuses marques comme Adidas, Vuarnet, Missoni, Christofle ainsi que pour de grandes enseignes telles que Printemps et Marks and Spencer. Sauvag\u00e8re a \u00e9galement \u00e9t\u00e9 consultante pour les Chambres de Commerce et d\u2019Industrie de Normandie.<\/p>\n<p>En 2000, Sauvag\u00e8re expose pour la premi\u00e8re fois ses \u0153uvres, en tant que sculpteur et illustratrice<br \/>\ndans diff\u00e9rentes galeries et salons nationaux.<\/p>\n<p>En 2002, elle cr\u00e9\u00e9e l&rsquo;association <em>Libre \u00e0 Chacun<\/em> et ouvre un atelier : elle enseigne les arts plastiques et l&rsquo;histoire de l&rsquo;art dans les centres culturels, intervient dans le milieu scolaire et aupr\u00e8s de personnes en situation de handicap.<\/p>\t<\/div>\n\t<div class=\"gridable--col col-6\" >\n\t\t<p>En 2005, Sauvag\u00e8re est r\u00e9f\u00e9renc\u00e9e sur la liste des artistes contemporains aux Archives D\u00e9partementales de Normandie et son travail figure dans le livre <em>Artistes contemporains en Normandie 1945-2005<\/em> publi\u00e9 par le Conseil D\u00e9partemental du Calvados.<\/p>\n<p>Dans ces derniers travaux, utilisant diverses techniques telles que l&rsquo;illustration, la sculpture et la mode, Sauvag\u00e8re partage sa vision de notre soci\u00e9t\u00e9. Pr\u00e9occup\u00e9e par l\u2019avenir des esp\u00e8ces dont la notre et de l\u2019absence d\u2019\u00e9thique dans notre relation \u00e0 l\u2019environnement, son travail est une invitation \u00e0 mener une \u00e9volution morale, scientifique, technologique et juridique qui conduira \u00e0 une v\u00e9ritable r\u00e9volution soci\u00e9tale.<\/p>\n<h4><strong>Galeries D&rsquo;art:<\/strong><\/h4>\n<p><a href=\"https:\/\/www.galeriecorinnelemonnier.com\/gravures-original\/delphine-sauvagere\/\" target=\"_blank\" rel=\"noopener noreferrer\">Galerie Corinne Le Monnier<\/a><\/p>\n<h4><strong>Presse:<\/strong><\/h4>\n<p><a href=\"https:\/\/pixelgrade.com\/upstairs\/persistence-is-strength-for-artists\/\" target=\"_blank\" rel=\"noopener noreferrer\">Pixelgrade<\/a><\/p>\n<p>&nbsp;<\/p>\n<p>&nbsp;<\/p>\n<p>&nbsp;<\/p>\t<\/div>\n\t<\/div>\n\n","protected":false},"excerpt":{"rendered":"","protected":false},"author":1,"featured_media":871,"parent":0,"menu_order":8,"comment_status":"closed","ping_status":"closed","template":"page-templates\/split.php","meta":{"_exactmetrics_skip_tracking":false,"_exactmetrics_sitenote_active":false,"_exactmetrics_sitenote_note":"","_exactmetrics_sitenote_category":0,"footnotes":""},"class_list":["post-888","page","type-page","status-publish","has-post-thumbnail","hentry","c-article"],"yoast_head":"<!-- This site is optimized with the Yoast SEO plugin v26.9 - https:\/\/yoast.com\/product\/yoast-seo-wordpress\/ -->\n<title>\u00c0 propos | Sauvag\u00e8re<\/title>\n<meta name=\"description\" content=\"Delphine Canchel, dit Sauvag\u00e8re, est une artiste fran\u00e7aise ind\u00e9pendante bas\u00e9e entre Londres et Paris. Dans ces derniers travaux, utilisant diverses techniques telles que l&#039;illustration, la sculpture et la mode, Sauvag\u00e8re partage sa vision de notre soci\u00e9t\u00e9.\" \/>\n<meta name=\"robots\" content=\"index, follow, max-snippet:-1, max-image-preview:large, max-video-preview:-1\" \/>\n<link rel=\"canonical\" href=\"https:\/\/sauvagere.art\/fr\/a-propos\/\" \/>\n<meta property=\"og:locale\" content=\"fr_FR\" \/>\n<meta property=\"og:type\" content=\"article\" \/>\n<meta property=\"og:title\" content=\"\u00c0 propos | Sauvag\u00e8re\" \/>\n<meta property=\"og:description\" content=\"Delphine Canchel, dit Sauvag\u00e8re, est une artiste fran\u00e7aise ind\u00e9pendante bas\u00e9e entre Londres et Paris. Dans ces derniers travaux, utilisant diverses techniques telles que l&#039;illustration, la sculpture et la mode, Sauvag\u00e8re partage sa vision de notre soci\u00e9t\u00e9.\" \/>\n<meta property=\"og:url\" content=\"https:\/\/sauvagere.art\/fr\/a-propos\/\" \/>\n<meta property=\"og:site_name\" content=\"Sauvag\u00e8re\" \/>\n<meta property=\"article:publisher\" content=\"https:\/\/www.facebook.com\/sauvagere.art\" \/>\n<meta property=\"article:modified_time\" content=\"2020-07-18T14:43:34+00:00\" \/>\n<meta property=\"og:image\" content=\"https:\/\/sauvagere.art\/wp-content\/uploads\/2017\/12\/sauvagere_delphinecanchel.jpg\" \/>\n\t<meta property=\"og:image:width\" content=\"1363\" \/>\n\t<meta property=\"og:image:height\" content=\"1712\" \/>\n\t<meta property=\"og:image:type\" content=\"image\/jpeg\" \/>\n<meta name=\"twitter:card\" content=\"summary_large_image\" \/>\n<meta name=\"twitter:label1\" content=\"Dur\u00e9e de lecture estim\u00e9e\" \/>\n\t<meta name=\"twitter:data1\" content=\"2 minutes\" \/>\n<script type=\"application\/ld+json\" class=\"yoast-schema-graph\">{\"@context\":\"https:\/\/schema.org\",\"@graph\":[{\"@type\":\"WebPage\",\"@id\":\"https:\/\/sauvagere.art\/fr\/a-propos\/\",\"url\":\"https:\/\/sauvagere.art\/fr\/a-propos\/\",\"name\":\"\u00c0 propos | Sauvag\u00e8re\",\"isPartOf\":{\"@id\":\"https:\/\/sauvagere.art\/fr\/#website\"},\"primaryImageOfPage\":{\"@id\":\"https:\/\/sauvagere.art\/fr\/a-propos\/#primaryimage\"},\"image\":{\"@id\":\"https:\/\/sauvagere.art\/fr\/a-propos\/#primaryimage\"},\"thumbnailUrl\":\"https:\/\/sauvagere.art\/wp-content\/uploads\/2017\/12\/sauvagere_delphinecanchel.jpg\",\"datePublished\":\"2017-12-27T16:44:24+00:00\",\"dateModified\":\"2020-07-18T14:43:34+00:00\",\"description\":\"Delphine Canchel, dit Sauvag\u00e8re, est une artiste fran\u00e7aise ind\u00e9pendante bas\u00e9e entre Londres et Paris. Dans ces derniers travaux, utilisant diverses techniques telles que l'illustration, la sculpture et la mode, Sauvag\u00e8re partage sa vision de notre soci\u00e9t\u00e9.\",\"breadcrumb\":{\"@id\":\"https:\/\/sauvagere.art\/fr\/a-propos\/#breadcrumb\"},\"inLanguage\":\"fr-FR\",\"potentialAction\":[{\"@type\":\"ReadAction\",\"target\":[\"https:\/\/sauvagere.art\/fr\/a-propos\/\"]}]},{\"@type\":\"ImageObject\",\"inLanguage\":\"fr-FR\",\"@id\":\"https:\/\/sauvagere.art\/fr\/a-propos\/#primaryimage\",\"url\":\"https:\/\/sauvagere.art\/wp-content\/uploads\/2017\/12\/sauvagere_delphinecanchel.jpg\",\"contentUrl\":\"https:\/\/sauvagere.art\/wp-content\/uploads\/2017\/12\/sauvagere_delphinecanchel.jpg\",\"width\":1363,\"height\":1712},{\"@type\":\"BreadcrumbList\",\"@id\":\"https:\/\/sauvagere.art\/fr\/a-propos\/#breadcrumb\",\"itemListElement\":[{\"@type\":\"ListItem\",\"position\":1,\"name\":\"Home\",\"item\":\"https:\/\/sauvagere.art\/fr\/\"},{\"@type\":\"ListItem\",\"position\":2,\"name\":\"\u00c0 propos\"}]},{\"@type\":\"WebSite\",\"@id\":\"https:\/\/sauvagere.art\/fr\/#website\",\"url\":\"https:\/\/sauvagere.art\/fr\/\",\"name\":\"Sauvag\u00e8re\",\"description\":\"\",\"publisher\":{\"@id\":\"https:\/\/sauvagere.art\/fr\/#\/schema\/person\/a5c52f43d515a79ee124a25ca90e1f15\"},\"potentialAction\":[{\"@type\":\"SearchAction\",\"target\":{\"@type\":\"EntryPoint\",\"urlTemplate\":\"https:\/\/sauvagere.art\/fr\/?s={search_term_string}\"},\"query-input\":{\"@type\":\"PropertyValueSpecification\",\"valueRequired\":true,\"valueName\":\"search_term_string\"}}],\"inLanguage\":\"fr-FR\"},{\"@type\":[\"Person\",\"Organization\"],\"@id\":\"https:\/\/sauvagere.art\/fr\/#\/schema\/person\/a5c52f43d515a79ee124a25ca90e1f15\",\"name\":\"Sauvag\u00e8re\",\"image\":{\"@type\":\"ImageObject\",\"inLanguage\":\"fr-FR\",\"@id\":\"https:\/\/sauvagere.art\/fr\/#\/schema\/person\/image\/\",\"url\":\"https:\/\/sauvagere.art\/wp-content\/uploads\/2017\/12\/sauvagere_delphinecanchel.jpg\",\"contentUrl\":\"https:\/\/sauvagere.art\/wp-content\/uploads\/2017\/12\/sauvagere_delphinecanchel.jpg\",\"width\":1363,\"height\":1712,\"caption\":\"Sauvag\u00e8re\"},\"logo\":{\"@id\":\"https:\/\/sauvagere.art\/fr\/#\/schema\/person\/image\/\"},\"description\":\"Sauvag\u00e8re is a French contemporary artist. Her varied practice explores the complex relationships between humankind, wildlife, politic, society and environment.\",\"sameAs\":[\"https:\/\/sauvagere.art\/\",\"https:\/\/www.facebook.com\/sauvagere.art\",\"https:\/\/www.instagram.com\/sauvagere.art\/\"]}]}<\/script>\n<!-- \/ Yoast SEO plugin. -->","yoast_head_json":{"title":"\u00c0 propos | Sauvag\u00e8re","description":"Delphine Canchel, dit Sauvag\u00e8re, est une artiste fran\u00e7aise ind\u00e9pendante bas\u00e9e entre Londres et Paris. Dans ces derniers travaux, utilisant diverses techniques telles que l'illustration, la sculpture et la mode, Sauvag\u00e8re partage sa vision de notre soci\u00e9t\u00e9.","robots":{"index":"index","follow":"follow","max-snippet":"max-snippet:-1","max-image-preview":"max-image-preview:large","max-video-preview":"max-video-preview:-1"},"canonical":"https:\/\/sauvagere.art\/fr\/a-propos\/","og_locale":"fr_FR","og_type":"article","og_title":"\u00c0 propos | Sauvag\u00e8re","og_description":"Delphine Canchel, dit Sauvag\u00e8re, est une artiste fran\u00e7aise ind\u00e9pendante bas\u00e9e entre Londres et Paris. Dans ces derniers travaux, utilisant diverses techniques telles que l'illustration, la sculpture et la mode, Sauvag\u00e8re partage sa vision de notre soci\u00e9t\u00e9.","og_url":"https:\/\/sauvagere.art\/fr\/a-propos\/","og_site_name":"Sauvag\u00e8re","article_publisher":"https:\/\/www.facebook.com\/sauvagere.art","article_modified_time":"2020-07-18T14:43:34+00:00","og_image":[{"width":1363,"height":1712,"url":"https:\/\/sauvagere.art\/wp-content\/uploads\/2017\/12\/sauvagere_delphinecanchel.jpg","type":"image\/jpeg"}],"twitter_card":"summary_large_image","twitter_misc":{"Dur\u00e9e de lecture estim\u00e9e":"2 minutes"},"schema":{"@context":"https:\/\/schema.org","@graph":[{"@type":"WebPage","@id":"https:\/\/sauvagere.art\/fr\/a-propos\/","url":"https:\/\/sauvagere.art\/fr\/a-propos\/","name":"\u00c0 propos | Sauvag\u00e8re","isPartOf":{"@id":"https:\/\/sauvagere.art\/fr\/#website"},"primaryImageOfPage":{"@id":"https:\/\/sauvagere.art\/fr\/a-propos\/#primaryimage"},"image":{"@id":"https:\/\/sauvagere.art\/fr\/a-propos\/#primaryimage"},"thumbnailUrl":"https:\/\/sauvagere.art\/wp-content\/uploads\/2017\/12\/sauvagere_delphinecanchel.jpg","datePublished":"2017-12-27T16:44:24+00:00","dateModified":"2020-07-18T14:43:34+00:00","description":"Delphine Canchel, dit Sauvag\u00e8re, est une artiste fran\u00e7aise ind\u00e9pendante bas\u00e9e entre Londres et Paris. Dans ces derniers travaux, utilisant diverses techniques telles que l'illustration, la sculpture et la mode, Sauvag\u00e8re partage sa vision de notre soci\u00e9t\u00e9.","breadcrumb":{"@id":"https:\/\/sauvagere.art\/fr\/a-propos\/#breadcrumb"},"inLanguage":"fr-FR","potentialAction":[{"@type":"ReadAction","target":["https:\/\/sauvagere.art\/fr\/a-propos\/"]}]},{"@type":"ImageObject","inLanguage":"fr-FR","@id":"https:\/\/sauvagere.art\/fr\/a-propos\/#primaryimage","url":"https:\/\/sauvagere.art\/wp-content\/uploads\/2017\/12\/sauvagere_delphinecanchel.jpg","contentUrl":"https:\/\/sauvagere.art\/wp-content\/uploads\/2017\/12\/sauvagere_delphinecanchel.jpg","width":1363,"height":1712},{"@type":"BreadcrumbList","@id":"https:\/\/sauvagere.art\/fr\/a-propos\/#breadcrumb","itemListElement":[{"@type":"ListItem","position":1,"name":"Home","item":"https:\/\/sauvagere.art\/fr\/"},{"@type":"ListItem","position":2,"name":"\u00c0 propos"}]},{"@type":"WebSite","@id":"https:\/\/sauvagere.art\/fr\/#website","url":"https:\/\/sauvagere.art\/fr\/","name":"Sauvag\u00e8re","description":"","publisher":{"@id":"https:\/\/sauvagere.art\/fr\/#\/schema\/person\/a5c52f43d515a79ee124a25ca90e1f15"},"potentialAction":[{"@type":"SearchAction","target":{"@type":"EntryPoint","urlTemplate":"https:\/\/sauvagere.art\/fr\/?s={search_term_string}"},"query-input":{"@type":"PropertyValueSpecification","valueRequired":true,"valueName":"search_term_string"}}],"inLanguage":"fr-FR"},{"@type":["Person","Organization"],"@id":"https:\/\/sauvagere.art\/fr\/#\/schema\/person\/a5c52f43d515a79ee124a25ca90e1f15","name":"Sauvag\u00e8re","image":{"@type":"ImageObject","inLanguage":"fr-FR","@id":"https:\/\/sauvagere.art\/fr\/#\/schema\/person\/image\/","url":"https:\/\/sauvagere.art\/wp-content\/uploads\/2017\/12\/sauvagere_delphinecanchel.jpg","contentUrl":"https:\/\/sauvagere.art\/wp-content\/uploads\/2017\/12\/sauvagere_delphinecanchel.jpg","width":1363,"height":1712,"caption":"Sauvag\u00e8re"},"logo":{"@id":"https:\/\/sauvagere.art\/fr\/#\/schema\/person\/image\/"},"description":"Sauvag\u00e8re is a French contemporary artist. Her varied practice explores the complex relationships between humankind, wildlife, politic, society and environment.","sameAs":["https:\/\/sauvagere.art\/","https:\/\/www.facebook.com\/sauvagere.art","https:\/\/www.instagram.com\/sauvagere.art\/"]}]}},"_links":{"self":[{"href":"https:\/\/sauvagere.art\/fr\/wp-json\/wp\/v2\/pages\/888","targetHints":{"allow":["GET"]}}],"collection":[{"href":"https:\/\/sauvagere.art\/fr\/wp-json\/wp\/v2\/pages"}],"about":[{"href":"https:\/\/sauvagere.art\/fr\/wp-json\/wp\/v2\/types\/page"}],"author":[{"embeddable":true,"href":"https:\/\/sauvagere.art\/fr\/wp-json\/wp\/v2\/users\/1"}],"replies":[{"embeddable":true,"href":"https:\/\/sauvagere.art\/fr\/wp-json\/wp\/v2\/comments?post=888"}],"version-history":[{"count":26,"href":"https:\/\/sauvagere.art\/fr\/wp-json\/wp\/v2\/pages\/888\/revisions"}],"predecessor-version":[{"id":2477,"href":"https:\/\/sauvagere.art\/fr\/wp-json\/wp\/v2\/pages\/888\/revisions\/2477"}],"wp:featuredmedia":[{"embeddable":true,"href":"https:\/\/sauvagere.art\/fr\/wp-json\/wp\/v2\/media\/871"}],"wp:attachment":[{"href":"https:\/\/sauvagere.art\/fr\/wp-json\/wp\/v2\/media?parent=888"}],"curies":[{"name":"wp","href":"https:\/\/api.w.org\/{rel}","templated":true}]}}