{"id":898,"date":"2017-12-28T11:16:25","date_gmt":"2017-12-28T11:16:25","guid":{"rendered":"https:\/\/sauvagere.art\/?page_id=898"},"modified":"2018-04-05T18:51:20","modified_gmt":"2018-04-05T18:51:20","slug":"contact","status":"publish","type":"page","link":"https:\/\/sauvagere.art\/fr\/contact\/","title":{"rendered":"Contact"},"content":{"rendered":"<p class=\"p1\">Vous pouvez me contacter soit en utilisant ce formulaire ou en utilisant l&rsquo;adresse e-mail ci dessous directement depuis votre boite mail ou par t\u00e9l\u00e9phone.<\/p>\n\t<div class=\"gridable gridable--row\" >\n\t\t\t<div class=\"gridable--col col-5\" >\n\t\t<h5 class=\"p1\">R\u00e9seaux sociaux<\/h5>\n<p><a href=\"https:\/\/www.instagram.com\/sauvagere.art\/\" target=\"_blank\"><i class=\"fa fa-instagram\"><\/i><\/a> \u00a0 \u00a0 \u00a0 <a href=\"https:\/\/www.facebook.com\/sauvagere.art\" target=\"_blank\"><i class=\"fa fa-facebook\"><\/i><\/a><\/p>\t<\/div>\n\t<div class=\"gridable--col col-5\" >\n\t\t<h5 class=\"p1\">E-mail<\/h5>\n<p class=\"p1\"><a href=\"mailto:hello@sauvagere.art\">hello@sauvagere.art<\/a><\/p>\t<\/div>\n\t<div class=\"gridable--col col-5\" >\n\t\t<h5 class=\"p1\">T\u00e9l\u00e9phone<\/h5>\n<p class=\"p1\">+33 (0)6 4160 5382<\/p>\t<\/div>\n\t<\/div>\n\n<h4>Ou envoyer un message<\/h4>\n\n<div class=\"wpcf7 no-js\" id=\"wpcf7-f922-o1\" lang=\"en-US\" dir=\"ltr\" data-wpcf7-id=\"922\">\n<div class=\"screen-reader-response\"><p role=\"status\" aria-live=\"polite\" aria-atomic=\"true\"><\/p> <ul><\/ul><\/div>\n<form action=\"\/fr\/wp-json\/wp\/v2\/pages\/898#wpcf7-f922-o1\" method=\"post\" class=\"wpcf7-form init\" aria-label=\"Contact form\" novalidate=\"novalidate\" data-status=\"init\">\n<div style=\"display: none;\">\n<input type=\"hidden\" name=\"_wpcf7\" value=\"922\" \/>\n<input type=\"hidden\" name=\"_wpcf7_version\" value=\"6.0.6\" \/>\n<input type=\"hidden\" name=\"_wpcf7_locale\" value=\"en_US\" \/>\n<input type=\"hidden\" name=\"_wpcf7_unit_tag\" value=\"wpcf7-f922-o1\" \/>\n<input type=\"hidden\" name=\"_wpcf7_container_post\" value=\"0\" \/>\n<input type=\"hidden\" name=\"_wpcf7_posted_data_hash\" value=\"\" \/>\n<\/div>\n<p><span class=\"wpcf7-form-control-wrap\" data-name=\"your-name\"><input size=\"40\" maxlength=\"400\" class=\"wpcf7-form-control wpcf7-text wpcf7-validates-as-required\" aria-required=\"true\" aria-invalid=\"false\" placeholder=\"Nom\" value=\"\" type=\"text\" name=\"your-name\" \/><\/span><br \/>\n<span class=\"wpcf7-form-control-wrap\" data-name=\"your-email\"><input size=\"40\" maxlength=\"400\" class=\"wpcf7-form-control wpcf7-email wpcf7-validates-as-required wpcf7-text wpcf7-validates-as-email\" aria-required=\"true\" aria-invalid=\"false\" placeholder=\"Email\" value=\"\" type=\"email\" name=\"your-email\" \/><\/span><br \/>\n<span class=\"wpcf7-form-control-wrap\" data-name=\"your-message\"><textarea cols=\"40\" rows=\"5\" maxlength=\"2000\" class=\"wpcf7-form-control wpcf7-textarea\" aria-invalid=\"false\" placeholder=\"Message\" name=\"your-message\"><\/textarea><\/span><br \/>\n<input class=\"wpcf7-form-control wpcf7-submit has-spinner\" type=\"submit\" value=\"Envoyer le message\" \/>\n<\/p><div class=\"wpcf7-response-output\" aria-hidden=\"true\"><\/div>\n<\/form>\n<\/div>\n\n","protected":false},"excerpt":{"rendered":"<p>Vous pouvez me contacter soit en utilisant ce formulaire ou en utilisant l&rsquo;adresse e-mail ci dessous directement depuis votre boite mail ou par t\u00e9l\u00e9phone. Ou envoyer un message<\/p>\n","protected":false},"author":1,"featured_media":0,"parent":0,"menu_order":9,"comment_status":"closed","ping_status":"closed","template":"","meta":{"_exactmetrics_skip_tracking":false,"_exactmetrics_sitenote_active":false,"_exactmetrics_sitenote_note":"","_exactmetrics_sitenote_category":0,"footnotes":""},"class_list":["post-898","page","type-page","status-publish","hentry","c-article"],"yoast_head":"<!-- This site is optimized with the Yoast SEO plugin v26.9 - https:\/\/yoast.com\/product\/yoast-seo-wordpress\/ -->\n<title>Contact | Sauvag\u00e8re<\/title>\n<meta name=\"description\" content=\"Vous pouvez contacter Sauvag\u00e8re en utilisant ce formulaire ou en utilisant l&#039;adresse e-mail ci dessous directement depuis votre boite mail ou par t\u00e9l\u00e9phone.\" \/>\n<meta name=\"robots\" content=\"index, follow, max-snippet:-1, max-image-preview:large, max-video-preview:-1\" \/>\n<link rel=\"canonical\" href=\"https:\/\/sauvagere.art\/fr\/contact\/\" \/>\n<meta property=\"og:locale\" content=\"fr_FR\" \/>\n<meta property=\"og:type\" content=\"article\" \/>\n<meta property=\"og:title\" content=\"Contact | Sauvag\u00e8re\" \/>\n<meta property=\"og:description\" content=\"Vous pouvez contacter Sauvag\u00e8re en utilisant ce formulaire ou en utilisant l&#039;adresse e-mail ci dessous directement depuis votre boite mail ou par t\u00e9l\u00e9phone.\" \/>\n<meta property=\"og:url\" content=\"https:\/\/sauvagere.art\/fr\/contact\/\" \/>\n<meta property=\"og:site_name\" content=\"Sauvag\u00e8re\" \/>\n<meta property=\"article:publisher\" content=\"https:\/\/www.facebook.com\/sauvagere.art\" \/>\n<meta property=\"article:modified_time\" content=\"2018-04-05T18:51:20+00:00\" \/>\n<meta property=\"og:image\" content=\"https:\/\/sauvagere.art\/wp-content\/uploads\/2017\/12\/sauvagere_himandi-1.jpg\" \/>\n\t<meta property=\"og:image:width\" content=\"791\" \/>\n\t<meta property=\"og:image:height\" content=\"1000\" \/>\n\t<meta property=\"og:image:type\" content=\"image\/jpeg\" \/>\n<meta name=\"twitter:card\" content=\"summary_large_image\" \/>\n<script type=\"application\/ld+json\" class=\"yoast-schema-graph\">{\"@context\":\"https:\/\/schema.org\",\"@graph\":[{\"@type\":\"WebPage\",\"@id\":\"https:\/\/sauvagere.art\/fr\/contact\/\",\"url\":\"https:\/\/sauvagere.art\/fr\/contact\/\",\"name\":\"Contact | Sauvag\u00e8re\",\"isPartOf\":{\"@id\":\"https:\/\/sauvagere.art\/fr\/#website\"},\"datePublished\":\"2017-12-28T11:16:25+00:00\",\"dateModified\":\"2018-04-05T18:51:20+00:00\",\"description\":\"Vous pouvez contacter Sauvag\u00e8re en utilisant ce formulaire ou en utilisant l'adresse e-mail ci dessous directement depuis votre boite mail ou par t\u00e9l\u00e9phone.\",\"breadcrumb\":{\"@id\":\"https:\/\/sauvagere.art\/fr\/contact\/#breadcrumb\"},\"inLanguage\":\"fr-FR\",\"potentialAction\":[{\"@type\":\"ReadAction\",\"target\":[\"https:\/\/sauvagere.art\/fr\/contact\/\"]}]},{\"@type\":\"BreadcrumbList\",\"@id\":\"https:\/\/sauvagere.art\/fr\/contact\/#breadcrumb\",\"itemListElement\":[{\"@type\":\"ListItem\",\"position\":1,\"name\":\"Home\",\"item\":\"https:\/\/sauvagere.art\/fr\/\"},{\"@type\":\"ListItem\",\"position\":2,\"name\":\"Contact\"}]},{\"@type\":\"WebSite\",\"@id\":\"https:\/\/sauvagere.art\/fr\/#website\",\"url\":\"https:\/\/sauvagere.art\/fr\/\",\"name\":\"Sauvag\u00e8re\",\"description\":\"\",\"publisher\":{\"@id\":\"https:\/\/sauvagere.art\/fr\/#\/schema\/person\/a5c52f43d515a79ee124a25ca90e1f15\"},\"potentialAction\":[{\"@type\":\"SearchAction\",\"target\":{\"@type\":\"EntryPoint\",\"urlTemplate\":\"https:\/\/sauvagere.art\/fr\/?s={search_term_string}\"},\"query-input\":{\"@type\":\"PropertyValueSpecification\",\"valueRequired\":true,\"valueName\":\"search_term_string\"}}],\"inLanguage\":\"fr-FR\"},{\"@type\":[\"Person\",\"Organization\"],\"@id\":\"https:\/\/sauvagere.art\/fr\/#\/schema\/person\/a5c52f43d515a79ee124a25ca90e1f15\",\"name\":\"Sauvag\u00e8re\",\"image\":{\"@type\":\"ImageObject\",\"inLanguage\":\"fr-FR\",\"@id\":\"https:\/\/sauvagere.art\/fr\/#\/schema\/person\/image\/\",\"url\":\"https:\/\/sauvagere.art\/wp-content\/uploads\/2017\/12\/sauvagere_delphinecanchel.jpg\",\"contentUrl\":\"https:\/\/sauvagere.art\/wp-content\/uploads\/2017\/12\/sauvagere_delphinecanchel.jpg\",\"width\":1363,\"height\":1712,\"caption\":\"Sauvag\u00e8re\"},\"logo\":{\"@id\":\"https:\/\/sauvagere.art\/fr\/#\/schema\/person\/image\/\"},\"description\":\"Sauvag\u00e8re is a French contemporary artist. Her varied practice explores the complex relationships between humankind, wildlife, politic, society and environment.\",\"sameAs\":[\"https:\/\/sauvagere.art\/\",\"https:\/\/www.facebook.com\/sauvagere.art\",\"https:\/\/www.instagram.com\/sauvagere.art\/\"]}]}<\/script>\n<!-- \/ Yoast SEO plugin. -->","yoast_head_json":{"title":"Contact | Sauvag\u00e8re","description":"Vous pouvez contacter Sauvag\u00e8re en utilisant ce formulaire ou en utilisant l'adresse e-mail ci dessous directement depuis votre boite mail ou par t\u00e9l\u00e9phone.","robots":{"index":"index","follow":"follow","max-snippet":"max-snippet:-1","max-image-preview":"max-image-preview:large","max-video-preview":"max-video-preview:-1"},"canonical":"https:\/\/sauvagere.art\/fr\/contact\/","og_locale":"fr_FR","og_type":"article","og_title":"Contact | Sauvag\u00e8re","og_description":"Vous pouvez contacter Sauvag\u00e8re en utilisant ce formulaire ou en utilisant l'adresse e-mail ci dessous directement depuis votre boite mail ou par t\u00e9l\u00e9phone.","og_url":"https:\/\/sauvagere.art\/fr\/contact\/","og_site_name":"Sauvag\u00e8re","article_publisher":"https:\/\/www.facebook.com\/sauvagere.art","article_modified_time":"2018-04-05T18:51:20+00:00","og_image":[{"width":791,"height":1000,"url":"https:\/\/sauvagere.art\/wp-content\/uploads\/2017\/12\/sauvagere_himandi-1.jpg","type":"image\/jpeg"}],"twitter_card":"summary_large_image","schema":{"@context":"https:\/\/schema.org","@graph":[{"@type":"WebPage","@id":"https:\/\/sauvagere.art\/fr\/contact\/","url":"https:\/\/sauvagere.art\/fr\/contact\/","name":"Contact | Sauvag\u00e8re","isPartOf":{"@id":"https:\/\/sauvagere.art\/fr\/#website"},"datePublished":"2017-12-28T11:16:25+00:00","dateModified":"2018-04-05T18:51:20+00:00","description":"Vous pouvez contacter Sauvag\u00e8re en utilisant ce formulaire ou en utilisant l'adresse e-mail ci dessous directement depuis votre boite mail ou par t\u00e9l\u00e9phone.","breadcrumb":{"@id":"https:\/\/sauvagere.art\/fr\/contact\/#breadcrumb"},"inLanguage":"fr-FR","potentialAction":[{"@type":"ReadAction","target":["https:\/\/sauvagere.art\/fr\/contact\/"]}]},{"@type":"BreadcrumbList","@id":"https:\/\/sauvagere.art\/fr\/contact\/#breadcrumb","itemListElement":[{"@type":"ListItem","position":1,"name":"Home","item":"https:\/\/sauvagere.art\/fr\/"},{"@type":"ListItem","position":2,"name":"Contact"}]},{"@type":"WebSite","@id":"https:\/\/sauvagere.art\/fr\/#website","url":"https:\/\/sauvagere.art\/fr\/","name":"Sauvag\u00e8re","description":"","publisher":{"@id":"https:\/\/sauvagere.art\/fr\/#\/schema\/person\/a5c52f43d515a79ee124a25ca90e1f15"},"potentialAction":[{"@type":"SearchAction","target":{"@type":"EntryPoint","urlTemplate":"https:\/\/sauvagere.art\/fr\/?s={search_term_string}"},"query-input":{"@type":"PropertyValueSpecification","valueRequired":true,"valueName":"search_term_string"}}],"inLanguage":"fr-FR"},{"@type":["Person","Organization"],"@id":"https:\/\/sauvagere.art\/fr\/#\/schema\/person\/a5c52f43d515a79ee124a25ca90e1f15","name":"Sauvag\u00e8re","image":{"@type":"ImageObject","inLanguage":"fr-FR","@id":"https:\/\/sauvagere.art\/fr\/#\/schema\/person\/image\/","url":"https:\/\/sauvagere.art\/wp-content\/uploads\/2017\/12\/sauvagere_delphinecanchel.jpg","contentUrl":"https:\/\/sauvagere.art\/wp-content\/uploads\/2017\/12\/sauvagere_delphinecanchel.jpg","width":1363,"height":1712,"caption":"Sauvag\u00e8re"},"logo":{"@id":"https:\/\/sauvagere.art\/fr\/#\/schema\/person\/image\/"},"description":"Sauvag\u00e8re is a French contemporary artist. Her varied practice explores the complex relationships between humankind, wildlife, politic, society and environment.","sameAs":["https:\/\/sauvagere.art\/","https:\/\/www.facebook.com\/sauvagere.art","https:\/\/www.instagram.com\/sauvagere.art\/"]}]}},"_links":{"self":[{"href":"https:\/\/sauvagere.art\/fr\/wp-json\/wp\/v2\/pages\/898","targetHints":{"allow":["GET"]}}],"collection":[{"href":"https:\/\/sauvagere.art\/fr\/wp-json\/wp\/v2\/pages"}],"about":[{"href":"https:\/\/sauvagere.art\/fr\/wp-json\/wp\/v2\/types\/page"}],"author":[{"embeddable":true,"href":"https:\/\/sauvagere.art\/fr\/wp-json\/wp\/v2\/users\/1"}],"replies":[{"embeddable":true,"href":"https:\/\/sauvagere.art\/fr\/wp-json\/wp\/v2\/comments?post=898"}],"version-history":[{"count":12,"href":"https:\/\/sauvagere.art\/fr\/wp-json\/wp\/v2\/pages\/898\/revisions"}],"predecessor-version":[{"id":1172,"href":"https:\/\/sauvagere.art\/fr\/wp-json\/wp\/v2\/pages\/898\/revisions\/1172"}],"wp:attachment":[{"href":"https:\/\/sauvagere.art\/fr\/wp-json\/wp\/v2\/media?parent=898"}],"curies":[{"name":"wp","href":"https:\/\/api.w.org\/{rel}","templated":true}]}}